{"id":87,"date":"2022-12-06T13:13:55","date_gmt":"2022-12-06T13:13:55","guid":{"rendered":"https:\/\/dkis.si\/?page_id=87"},"modified":"2023-12-10T12:00:09","modified_gmt":"2023-12-10T11:00:09","slug":"contact","status":"publish","type":"page","link":"https:\/\/dkis.si\/sr\/about-us\/contact\/","title":{"rendered":"Kontakt"},"content":{"rendered":"<form  class=\"kaliforms-form-container bootstrap-wrapper straight-borders input-with-bg \" data-form-id=\"746\" style=\"opacity:0\"><h3>Zanima vas da saznate vi\u0161e ili imate ne\u0161to da nam poru\u010dite? Pi\u0161ite nam.<\/h3><div id=\"kaliforms-global-error-message-746\" class=\"global-error-message\">Ne\u0161to nije u redu. Molim vas, poku\u0161ajte ponovo!<\/div><div class=\"row kali-form-field-row\"><div class=\"col-12 col-md-6 \"><label  for=\"first-name\">Ime: <span class=\"kali-required-mark\">*<\/span><\/label><input  data-internal-id=\"textbox2\" type=\"text\" id=\"first-name\" name=\"first-name\" data-properties.type=\"text\" required ><\/div><div class=\"col-12 col-md-6 \"><label  for=\"last-name\">Prezime: <span class=\"kali-required-mark\">*<\/span><\/label><input  data-internal-id=\"textbox3\" type=\"text\" id=\"last-name\" name=\"last-name\" data-properties.type=\"text\" required ><\/div><\/div><div class=\"row kali-form-field-row\"><div class=\"col-12 col-md-12 \"><label  for=\"email\">Email: <span class=\"kali-required-mark\">*<\/span><\/label><input  data-internal-id=\"textbox4\" type=\"text\" id=\"email\" name=\"email\" data-properties.type=\"text\" required ><\/div><\/div><div class=\"row kali-form-field-row\"><div class=\"col-12 col-md-12 \"><label  for=\"message\">Poruka: <span class=\"kali-required-mark\">*<\/span><\/label><textarea  data-internal-id=\"textarea5\" type=\"textarea\" id=\"message\" name=\"message\"required  rows=\"5\" class=\"input\"><\/textarea><\/div><\/div><div class=\"row kali-form-field-row\"><div class=\"col-12 col-md-12 \"><input  data-internal-id=\"submitbutton6\" type=\"submit\" id=\"submit\" data-style=\"btn red transparent\"  class=\"input btn red transparent\" value=\"Po\u0161aljite poruku\" ><\/div><\/div><!-- This form was built using Kali Forms --><\/form>\n\n\n\n<div style=\"height:70px\" aria-hidden=\"true\" class=\"wp-block-spacer\"><\/div>\n\n\n\n<hr class=\"wp-block-separator has-alpha-channel-opacity is-style-default\"\/>\n\n\n\n<div style=\"height:70px\" aria-hidden=\"true\" class=\"wp-block-spacer\"><\/div>\n\n\n\n<div class=\"wp-block-columns is-layout-flex wp-container-core-columns-is-layout-9d6595d7 wp-block-columns-is-layout-flex\">\n<div class=\"wp-block-column is-layout-flow wp-block-column-is-layout-flow\">\n<p class=\"has-text-align-left\">Kulturni centar \u201eDanilo Ki\u0161\u201c<\/p>\n\n\n\n<p class=\"has-text-align-left\">Trg prekomorskih brigad 1,\u00a01000 Ljubljana, Slovenia<\/p>\n\n\n\n<p class=\"has-text-align-left\"><strong>E-mail:<\/strong>&nbsp;<\/p>\n\n\n\n<ul class=\"wp-block-list\">\n<li><a href=\"mailto:info@dkis.si\">info@dkis.si<\/a><\/li>\n\n\n\n<li><a href=\"mailto:skcdanilokis@dkis.si\">skcdanilokis@dkis.si<\/a><\/li>\n<\/ul>\n\n\n\n<p class=\"has-text-align-left\"><strong>TRR:<\/strong> SI56 6100 0000 1772 828<\/p>\n\n\n\n<p class=\"has-text-align-left\"><strong>Poreski broj:<\/strong> 91833663<\/p>\n\n\n\n<p><strong>Mati\u010dni broj:<\/strong> 3691071000<\/p>\n\n\n\n<p><strong>Tel. \u0161t:<\/strong> +386 41 829 657<\/p>\n\n\n\n<div style=\"height:72px\" aria-hidden=\"true\" class=\"wp-block-spacer\"><\/div>\n\n\n\n<div style=\"height:24px\" aria-hidden=\"true\" class=\"wp-block-spacer\"><\/div>\n\n\n\n<p class=\"has-text-align-center\"><a href=\"\/wp-content\/uploads\/2023\/01\/cropped-NEW_DK_logo1.png\" class=\"ek-link\">     <img decoding=\"async\" src=\"\/wp-content\/uploads\/2023\/01\/cropped-NEW_DK_logo1.png\" alt=\"DKISL_LOGO\">(preuzmi logo)<\/a><\/p>\n<\/div>\n\n\n\n<div class=\"wp-block-column is-layout-flow wp-block-column-is-layout-flow\">\n<iframe src=\"https:\/\/www.google.com\/maps\/embed?pb=!1m18!1m12!1m3!1d2768.0802398846517!2d14.487037415808343!3d46.0694412008739!2m3!1f0!2f0!3f0!3m2!1i1024!2i768!4f13.1!3m3!1m2!1s0x476532b13da2e6eb%3A0x1ed2295383ebfdbb!2sTrg%20prekomorskih%20brigad%201%2C%201000%20Ljubljana!5e0!3m2!1ssl!2ssi!4v1673088965331!5m2!1ssl!2ssi\" width=\"600\" height=\"450\" style=\"border:0;\" allowfullscreen=\"\" loading=\"lazy\" referrerpolicy=\"no-referrer-when-downgrade\"><\/iframe>\n<\/div>\n<\/div>\n","protected":false},"excerpt":{"rendered":"<p>Kulturni centar \u201eDanilo Ki\u0161\u201c Trg prekomorskih brigad 1,\u00a01000 Ljubljana, Slovenia E-mail:&nbsp; TRR: SI56 6100 0000 1772 828 Poreski broj: 91833663 Mati\u010dni broj: 3691071000 Tel. \u0161t: \u2026<\/p>\n","protected":false},"author":2,"featured_media":0,"parent":272,"menu_order":0,"comment_status":"closed","ping_status":"closed","template":"","meta":{"_editorskit_title_hidden":false,"_editorskit_reading_time":1,"_editorskit_is_block_options_detached":false,"_editorskit_block_options_position":"{}","footnotes":""},"class_list":["post-87","page","type-page","status-publish","hentry"],"translation":{"provider":"WPGlobus","version":"3.0.0","language":"sr","enabled_languages":["sl","sr","en"],"languages":{"sl":{"title":true,"content":true,"excerpt":false},"sr":{"title":true,"content":true,"excerpt":false},"en":{"title":true,"content":true,"excerpt":false}}},"_links":{"self":[{"href":"https:\/\/dkis.si\/sr\/wp-json\/wp\/v2\/pages\/87","targetHints":{"allow":["GET"]}}],"collection":[{"href":"https:\/\/dkis.si\/sr\/wp-json\/wp\/v2\/pages"}],"about":[{"href":"https:\/\/dkis.si\/sr\/wp-json\/wp\/v2\/types\/page"}],"author":[{"embeddable":true,"href":"https:\/\/dkis.si\/sr\/wp-json\/wp\/v2\/users\/2"}],"replies":[{"embeddable":true,"href":"https:\/\/dkis.si\/sr\/wp-json\/wp\/v2\/comments?post=87"}],"version-history":[{"count":75,"href":"https:\/\/dkis.si\/sr\/wp-json\/wp\/v2\/pages\/87\/revisions"}],"predecessor-version":[{"id":11588,"href":"https:\/\/dkis.si\/sr\/wp-json\/wp\/v2\/pages\/87\/revisions\/11588"}],"up":[{"embeddable":true,"href":"https:\/\/dkis.si\/sr\/wp-json\/wp\/v2\/pages\/272"}],"wp:attachment":[{"href":"https:\/\/dkis.si\/sr\/wp-json\/wp\/v2\/media?parent=87"}],"curies":[{"name":"wp","href":"https:\/\/api.w.org\/{rel}","templated":true}]}}