{"id":430,"date":"2023-01-06T21:09:40","date_gmt":"2023-01-06T21:09:40","guid":{"rendered":"https:\/\/dkis.si\/?page_id=430"},"modified":"2025-12-19T18:12:19","modified_gmt":"2025-12-19T17:12:19","slug":"donate","status":"publish","type":"page","link":"https:\/\/dkis.si\/sr\/donate\/","title":{"rendered":"Donirajte"},"content":{"rendered":"\n<h2 class=\"wp-block-heading\" id=\"tw-target-rmn\">Donirajte 1% svog poreza na prihod <\/h2>\n\n\n\n<p id=\"tw-target-rmn\">Najlak\u0161i na\u010din da donirate 1% svog poreza na dohodak je da popunite formular u nastavku, koji \u0161aljete CNVOS-u jednostavnim potpisom i registrujete se kao donator.<\/p>\n\n\n\n<iframe loading=\"lazy\" id=\"enprocent_iframe\" frameborder=\"0\" width=\"800\" height=\"600\" style=\"max-width:100%;\" src=\"https:\/\/www.cnvos.si\/enprocent\/embed\/v2\/?address=TRG%20PREKOMORSKIH%20BRIGAD%201&#038;city=Ljubljana&#038;name=KULTURNI%20CENTER%20DANILO%20KI%C5%A0&#038;percent=1.0&#038;postalCode=1000&#038;taxNumber=91833663\"><\/iframe><script src=\"https:\/\/cdnjs.cloudflare.com\/ajax\/libs\/iframe-resizer\/4.3.2\/iframeResizer.min.js\"><\/script><script>iFrameResize({checkOrigin:false},'#enprocent_iframe');<\/script>\n\n\n\n<p>Ako \u017eelite koristiti CNVOS obrazac, morate ga ispuniti i poslati do 20. decembra za teku\u0107u godinu.<\/p>\n\n\n\n<p>Mo\u017eete nam nameniti 1% i preko sistema eDavki, najkasnije do 31. decembra za teku\u0107u godinu. Upi\u0161ite na\u0161 poreski broj: 91833663.<\/p>\n\n\n\n<p id=\"tw-target-rmn\">Tako\u0111e mo\u017eete od\u0161tampati <a href=\"https:\/\/dkis.si\/wp-content\/uploads\/2023\/01\/SKCDK_dohodnina-1.pdf\" class=\"ek-link\">standardni obrazac<\/a>, popuniti ga i poslati po\u0161tom ili ga li\u010dno odneti u Poresku upravu Ljubljana (adresa se nalazi na obrascu) najkasnije do kraja decembra.<\/p>\n\n\n\n<h2 class=\"wp-block-heading\"><strong>TRR transfer<\/strong><\/h2>\n\n\n\n<div class=\"wp-block-group is-nowrap is-layout-flex wp-container-core-group-is-layout-ad2f72ca wp-block-group-is-layout-flex\">\n<figure class=\"wp-block-image size-thumbnail caption-align-center\"><img loading=\"lazy\" decoding=\"async\" width=\"150\" height=\"150\" src=\"https:\/\/dkis.si\/wp-content\/uploads\/2023\/12\/DKIS-QR-poljubni-znesek-150x150.png\" alt=\"\" class=\"wp-image-11631\" srcset=\"https:\/\/dkis.si\/wp-content\/uploads\/2023\/12\/DKIS-QR-poljubni-znesek-150x150.png 150w, https:\/\/dkis.si\/wp-content\/uploads\/2023\/12\/DKIS-QR-poljubni-znesek-300x300.png 300w, https:\/\/dkis.si\/wp-content\/uploads\/2023\/12\/DKIS-QR-poljubni-znesek-768x768.png 768w, https:\/\/dkis.si\/wp-content\/uploads\/2023\/12\/DKIS-QR-poljubni-znesek-24x24.png 24w, https:\/\/dkis.si\/wp-content\/uploads\/2023\/12\/DKIS-QR-poljubni-znesek-36x36.png 36w, https:\/\/dkis.si\/wp-content\/uploads\/2023\/12\/DKIS-QR-poljubni-znesek-48x48.png 48w, https:\/\/dkis.si\/wp-content\/uploads\/2023\/12\/DKIS-QR-poljubni-znesek-116x116.png 116w, https:\/\/dkis.si\/wp-content\/uploads\/2023\/12\/DKIS-QR-poljubni-znesek.png 770w\" sizes=\"auto, (max-width: 150px) 100vw, 150px\" \/><figcaption class=\"wp-element-caption\">naka\u017eite poljubno<\/figcaption><\/figure>\n\n\n\n<hr class=\"wp-block-separator has-alpha-channel-opacity\"\/>\n\n\n\n<figure class=\"wp-block-image size-thumbnail caption-align-center\"><img loading=\"lazy\" decoding=\"async\" width=\"150\" height=\"150\" src=\"https:\/\/dkis.si\/wp-content\/uploads\/2023\/12\/DKIS-QR-10eur-1-150x150.png\" alt=\"\" class=\"wp-image-11657\" srcset=\"https:\/\/dkis.si\/wp-content\/uploads\/2023\/12\/DKIS-QR-10eur-1-150x150.png 150w, https:\/\/dkis.si\/wp-content\/uploads\/2023\/12\/DKIS-QR-10eur-1-300x300.png 300w, https:\/\/dkis.si\/wp-content\/uploads\/2023\/12\/DKIS-QR-10eur-1-768x768.png 768w, https:\/\/dkis.si\/wp-content\/uploads\/2023\/12\/DKIS-QR-10eur-1-24x24.png 24w, https:\/\/dkis.si\/wp-content\/uploads\/2023\/12\/DKIS-QR-10eur-1-36x36.png 36w, https:\/\/dkis.si\/wp-content\/uploads\/2023\/12\/DKIS-QR-10eur-1-48x48.png 48w, https:\/\/dkis.si\/wp-content\/uploads\/2023\/12\/DKIS-QR-10eur-1-116x116.png 116w, https:\/\/dkis.si\/wp-content\/uploads\/2023\/12\/DKIS-QR-10eur-1.png 770w\" sizes=\"auto, (max-width: 150px) 100vw, 150px\" \/><figcaption class=\"wp-element-caption\">naka\u017eite 10 \u20ac<\/figcaption><\/figure>\n<\/div>\n\n\n\n<p>Broj ra\u010duna:&nbsp;SI56 6100 0000 1772 828,&nbsp;SWIFT BIC: HDELSI22<\/p>\n\n\n\n<p>Otvoreno u: Delavska hranilnica d.o.o.<\/p>\n\n\n\n<p>Svrha uplate: donacija<\/p>\n\n\n\n<h2 class=\"wp-block-heading\"><strong>PayPal<\/strong> <strong>transfer<\/strong><\/h2>\n\n\n\n<form action=\"https:\/\/www.paypal.com\/donate\" method=\"post\" target=\"_top\">\n<input type=\"hidden\" name=\"hosted_button_id\" value=\"SUKGE9FRF255S\" \/>\n<input type=\"image\" src=\"https:\/\/www.paypalobjects.com\/en_US\/i\/btn\/btn_donateCC_LG.gif\" border=\"0\" name=\"submit\" title=\"PayPal - The safer, easier way to pay online!\" alt=\"Donate with PayPal button\" \/>\n<img loading=\"lazy\" decoding=\"async\" alt=\"\" border=\"0\" src=\"https:\/\/www.paypal.com\/en_SI\/i\/scr\/pixel.gif\" width=\"1\" height=\"1\" \/>\n<\/form>\n","protected":false},"excerpt":{"rendered":"<p>Donirajte 1% svog poreza na prihod Najlak\u0161i na\u010din da donirate 1% svog poreza na dohodak je da popunite formular u nastavku, koji \u0161aljete CNVOS-u jednostavnim \u2026<\/p>\n","protected":false},"author":2,"featured_media":0,"parent":0,"menu_order":0,"comment_status":"closed","ping_status":"closed","template":"","meta":{"_editorskit_title_hidden":false,"_editorskit_reading_time":1,"_editorskit_is_block_options_detached":false,"_editorskit_block_options_position":"{}","footnotes":""},"class_list":["post-430","page","type-page","status-publish","hentry"],"translation":{"provider":"WPGlobus","version":"3.0.2","language":"sr","enabled_languages":["sl","sr","en"],"languages":{"sl":{"title":true,"content":true,"excerpt":false},"sr":{"title":true,"content":true,"excerpt":false},"en":{"title":true,"content":true,"excerpt":false}}},"_links":{"self":[{"href":"https:\/\/dkis.si\/sr\/wp-json\/wp\/v2\/pages\/430","targetHints":{"allow":["GET"]}}],"collection":[{"href":"https:\/\/dkis.si\/sr\/wp-json\/wp\/v2\/pages"}],"about":[{"href":"https:\/\/dkis.si\/sr\/wp-json\/wp\/v2\/types\/page"}],"author":[{"embeddable":true,"href":"https:\/\/dkis.si\/sr\/wp-json\/wp\/v2\/users\/2"}],"replies":[{"embeddable":true,"href":"https:\/\/dkis.si\/sr\/wp-json\/wp\/v2\/comments?post=430"}],"version-history":[{"count":55,"href":"https:\/\/dkis.si\/sr\/wp-json\/wp\/v2\/pages\/430\/revisions"}],"predecessor-version":[{"id":13305,"href":"https:\/\/dkis.si\/sr\/wp-json\/wp\/v2\/pages\/430\/revisions\/13305"}],"wp:attachment":[{"href":"https:\/\/dkis.si\/sr\/wp-json\/wp\/v2\/media?parent=430"}],"curies":[{"name":"wp","href":"https:\/\/api.w.org\/{rel}","templated":true}]}}