{"id":11487,"date":"2023-12-08T09:37:29","date_gmt":"2023-12-08T08:37:29","guid":{"rendered":"https:\/\/dkis.si\/?page_id=11487"},"modified":"2023-12-08T09:37:29","modified_gmt":"2023-12-08T08:37:29","slug":"narocilo-knjige-moje-mackoljubne-zgodbe","status":"publish","type":"page","link":"https:\/\/dkis.si\/sr\/narocilo-knjige-moje-mackoljubne-zgodbe\/","title":{"rendered":"Naro\u010dilo knjige Moje ma\u010dkoljubne zgodbe"},"content":{"rendered":"<form  class=\"kaliforms-form-container bootstrap-wrapper straight-borders input-with-bg \" data-form-id=\"11480\" style=\"opacity:0\"><h3>Izpolnite obrazec in naro\u010dite knjigo &#8222;Moje ma\u010dkoljubne zgodbe&#8220;!<\/h3><div id=\"kaliforms-global-error-message-11480\" class=\"global-error-message\">Nekaj je \u0161lo narobe, poskusite \u0161e enkrat!<\/div><div class=\"row kali-form-field-row\"><div class=\"col-12 col-md-12 \"><span  data-internal-id=\"freetext10\" type=\"freeText\" id=\"freeText10\" name=\"freeText765\">Izpolnite obrazec in naro\u010dite knjigo \"Moje ma\u010dkoljubne zgodbe\". Z oddajo boste na mail prejeli navodila za pla\u010dilo knjige preko predpla\u010dila na TRR ra\u010dun.<\/span><\/div><\/div><div class=\"row kali-form-field-row\"><div class=\"col-12 col-md-6 \"><label  for=\"first-name\">Ime: <span class=\"kali-required-mark\">*<\/span><\/label><input  data-internal-id=\"textbox2\" type=\"text\" id=\"first-name\" name=\"first-name\" data-properties.type=\"text\" required ><\/div><div class=\"col-12 col-md-6 \"><label  for=\"last-name\">Priimek: <span class=\"kali-required-mark\">*<\/span><\/label><input  data-internal-id=\"textbox3\" type=\"text\" id=\"last-name\" name=\"last-name\" data-properties.type=\"text\" required ><\/div><\/div><div class=\"row kali-form-field-row\"><div class=\"col-12 col-md-7 \"><label  for=\"textbox8\">Ulica in hi\u0161na \u0161tevilka:<\/label><input  data-internal-id=\"textbox8\" type=\"text\" id=\"textbox8\" name=\"address\" data-properties.type=\"text\" ><\/div><div class=\"col-12 col-md-5 \"><label  for=\"textbox89\">Po\u0161tna \u0161t. in kraj:<\/label><input  data-internal-id=\"textbox9\" type=\"text\" id=\"textbox89\" name=\"postna-in-kraj\" data-properties.type=\"text\" ><\/div><\/div><div class=\"row kali-form-field-row\"><div class=\"col-12 col-md-7 \"><label  for=\"email\">Email: <span class=\"kali-required-mark\">*<\/span><\/label><input  data-internal-id=\"textbox4\" type=\"text\" id=\"email\" name=\"email\" data-properties.type=\"text\" required ><\/div><div class=\"col-12 col-md-5 \"><label  for=\"telephone7\">Telefonska \u0161tevilka:<\/label><input  data-internal-id=\"telephone7\" type=\"tel\" id=\"telephone7\" name=\"telephone\" data-format=\"free\"  class=\"input\"><\/div><\/div><div class=\"row kali-form-field-row\"><div class=\"col-12 col-md-12 \"><input  data-internal-id=\"submitbutton6\" type=\"submit\" id=\"submit\" data-style=\"default\"  class=\"input\" value=\"Oddajte naro\u010dilo\" ><\/div><\/div><!-- This form was built using Kali Forms --><\/form>\n","protected":false},"excerpt":{"rendered":"","protected":false},"author":2,"featured_media":0,"parent":0,"menu_order":0,"comment_status":"closed","ping_status":"closed","template":"","meta":{"_editorskit_title_hidden":false,"_editorskit_reading_time":0,"_editorskit_is_block_options_detached":false,"_editorskit_block_options_position":"{}","footnotes":""},"class_list":["post-11487","page","type-page","status-publish","hentry"],"translation":{"provider":"WPGlobus","version":"3.0.2","language":"sr","enabled_languages":["sl","sr","en"],"languages":{"sl":{"title":true,"content":true,"excerpt":false},"sr":{"title":false,"content":false,"excerpt":false},"en":{"title":false,"content":false,"excerpt":false}}},"_links":{"self":[{"href":"https:\/\/dkis.si\/sr\/wp-json\/wp\/v2\/pages\/11487","targetHints":{"allow":["GET"]}}],"collection":[{"href":"https:\/\/dkis.si\/sr\/wp-json\/wp\/v2\/pages"}],"about":[{"href":"https:\/\/dkis.si\/sr\/wp-json\/wp\/v2\/types\/page"}],"author":[{"embeddable":true,"href":"https:\/\/dkis.si\/sr\/wp-json\/wp\/v2\/users\/2"}],"replies":[{"embeddable":true,"href":"https:\/\/dkis.si\/sr\/wp-json\/wp\/v2\/comments?post=11487"}],"version-history":[{"count":1,"href":"https:\/\/dkis.si\/sr\/wp-json\/wp\/v2\/pages\/11487\/revisions"}],"predecessor-version":[{"id":11488,"href":"https:\/\/dkis.si\/sr\/wp-json\/wp\/v2\/pages\/11487\/revisions\/11488"}],"wp:attachment":[{"href":"https:\/\/dkis.si\/sr\/wp-json\/wp\/v2\/media?parent=11487"}],"curies":[{"name":"wp","href":"https:\/\/api.w.org\/{rel}","templated":true}]}}