{"id":10217,"date":"2018-11-26T13:47:51","date_gmt":"2018-11-26T13:47:51","guid":{"rendered":"https:\/\/dkis.si\/?page_id=7975"},"modified":"2023-05-25T12:06:04","modified_gmt":"2023-05-25T12:06:04","slug":"minoritiesonline","status":"publish","type":"page","link":"https:\/\/dkis.si\/sr\/all-projects\/minoritiesonline\/","title":{"rendered":"#MANJINENAMRE\u017dI"},"content":{"rendered":"<p><a href=\"https:\/\/namrezi.si\" rel=\"noopener\" target=\"_blank\">www.namrezi.si<\/a><\/p>\n<p>Period trajanja projekta: 12.10.2018.- 31.12.2019<\/p>\n<p>Nosilac projekta: Srbski kulturni center Danilo Ki\u0161<\/p>\n<p>Partneri: <a href=\"https:\/\/id.iot.si\/\">Paraliterarno dru\u0161tvo I.D.I.O.T<\/a>., <a href=\"http:\/\/yugotranslate.si\/\">Zavod za prevajanje in povezovanje Jugoslovanskih kultur YugoTranslate<\/a> in <a href=\"http:\/\/www.nsss.si\/slo\/\">Nacionalni Svet Srbov v Sloveniji<\/a><\/p>\n<p>Operaciju sufinansiraju Republika Slovenija i Evropska Unija iz <a href=\"http:\/\/www.eu-skladi.si\">Evropskog socijalnog fonda.<\/a><\/p>\n<p>Visina sufinansiranja: 119. 947 EUR<\/p>\n<p>\u00a0<\/p>\n<p><strong>Ciljne grupe:<\/strong> Ciljne grupe opredeljujemo kao etni\u010dki, generacijski, rodno i socijalno razli\u010dite: pripadnici_ice etni\u010dkih zajednica iz nekada\u0161nje Jugoslavije, srednje i mla\u0111e generacije, pre svega srednje i visoko obrazovani i, u okviru tih grupa, \u017eene i pripadnici_ice LGBT populacije kao vi\u0161estruko (multiple) ranljive grupe.<\/p>\n<p>\u00a0<\/p>\n<p>Operacija je zasnovana na tri idejna sklopa: 1) kompetecije ranljivih grupa na podro\u010dju novinarstva kao zna\u010dajan uslov za kulturnu emancipaciju, socijalnu uklju\u010divost i ve\u0107u zaposljivost; 2) pobolj\u0161anje dostopa do informacijskih i komunikacijskih tehnologija (IKT) i njihova upotreba u cilju podsticanja kulturnih, socijalnih potencijala i potencijala za zapo\u0161ljavanje ranljivih grupa, 3) potreba za osavremenjavanjem kulturnog delovanja manjinskih zajednica uz pomo\u0107 novih, savremenih na\u010dina komunikacije kulturnih formi, promocije manjinskih kultura i manj\u0161inskih dru\u0161tava.<\/p>\n<p>Re\u0161avanje potreba ciljnih grupa za ve\u0107om medijskom prepoznatljivo\u0161\u0107u vidimo u: osposobljavanju ve\u0107eg broja pripadnika_ic ranljivih grupa za kreiranje medijskih sadr\u017eaja kroz razli\u010dite sklopove radionica, mentoriranje, prakti\u010dne ve\u017ebe i individualno savetovanje (od uvodnega osve\u0161\u0107ivanja o klju\u010dnim problemima do konkretnega osposabljavanjja za pripremu medijskih priloga, kao i u pokretanju manjinskog internet medija). Osim novinarskih ve\u0161tina, potrebno je osna\u017eiti ranljive za vrednovanje sopstvene kulture i jezika kao ravnopravne drugim kulturama i dominantnoj kulturi i opremiti ih kriti\u010dkim aparatom za zagovaranje sopstvenih prava, tzv manjinsko novinarstvo (minority journalism) koje je senzibilizirano za manjinska pitanja i odgovorno dr\u017eavljansko novinarstvo u okviru koga dr\u017eavljani_ke kroz aktivno u\u010de\u0161\u0107e u produkciji medija uti\u010du na medisjku reprezentaciju i posledi\u010dno na promene u dru\u0161tvu i na sopstvenu socijalnu uklju\u010denost.<\/p>\n<p>\u00a0<\/p>\n<p><strong>Ciljevi operacije<\/strong> koji \u0107e biti rezultati projektnih aktivnosti:<\/p>\n<p>&#8211; zapo\u0161ljavanje koordinatora iz ranjive grupe<\/p>\n<p>&#8211; osposobljavanje ve\u0107eg broja medijskih aktera (urednici_ce, novinari_ke, producenti_kinje, monta\u017eeri_ke) iz redova manjina za razli\u010dite tehnike i ve\u0161tine internet novinarstva<\/p>\n<p>&#8211; podsticanje stvaranja manjinskih internet medija u Sloveniji, odnosno osposabljavanje ranljive grupe za stvaranje, upravljanje, promociju i \u00bbfundraising\u00ab manjinskoga internet i mobilnoga medija<\/p>\n<p>&#8211; osposabljavanje ranljivih za prakti\u010dnu i kreativnu upotrebu inovativnih IKT-a<\/p>\n<p>&#8211; opremanje ranljive grupe kriti\u010dko- refleksivnim aparatom za samorazmatranje, sa posebnim naglaskom na polo\u017eaj \u017eena i LGBT populacije (multipla ranljivost)<\/p>\n<p>&#8211; razvijanje samopouzdanja, civilne hrabrosti i kompetentnosti manjina i migranta na podro\u010dju prava ranljivih grupa;<\/p>\n<p>&#8211; osposobljavanje ranljive grupe za kreativno pisanje u maternjem jeziku (srpski-bosanski-hrvatski-crnogorski-makedonski-albanski) i podsticanje znanja maternjega jezika, drugih jezika (bilingvalnost, polilingvalnost) i svesti o ravnopravnosti njihovog jezika u konstatnoj interakciji sa drugimi jezicima, kao i promocija jezika ranljivih grupa;<\/p>\n<p>&#8211; povezivanje i mre\u017eenje ranljivihi grupa sa \u00a0medijskimi institucijama;<\/p>\n<p>&#8211; stvaranje internetnog medija od strane ranljivih grupa, o ranljivim grupama i za ranljive grupe i \u0161iru javnost;<\/p>\n<p>&#8211; ve\u0107a vidljivost manjinskih jezika u javnom prostoru, davanje \u00bbglasa\u00ab ranljivim grupama, njihovim pote\u0161ko\u0107ama, potrebama, \u017eeljama, iskustvima, dostignu\u0107ima, svakodnevnom \u017eivotu u Sloveniji;<\/p>\n<p>&#8211; podsticanje medijske reprezentacije koja smanjuje stereotipizaciju, diskriminaciju i stigmatizaciju ranljivih grupa;<\/p>\n<p>&#8211; razvijanje i upotreba IKT za potrebe kvalitetnog, me\u0111ukulturnog i manjsinskoga novinarstva;<\/p>\n<p>&#8211; prispevanje raznovrstnosti medijske pokrajine u Sloveniji, kako sadr\u017einski (medkulturnost, vi\u0161ejezi\u010dnost, kriti\u010dnost),tako i inovativnim medijskim formama (multimedijskost, cross media, dr\u017eavljansko novinarstvo);<\/p>\n<p>&#8211; razvoj ve\u0161tina ranljivih grupa da se li\u010dnim doprinosom u kulturnoj produkciji i inovativnim tehnolo\u0161kim re\u0161enjima suprotstave mehanizmima diskriminacije i marginalizacije, kao i da svoju kulturu uklju\u010de u ravnopravni dijalog i neprekidnu interakciju sa drugim kulturama i sa dominantnom kulturom.<\/p>\n<p>\u00a0<\/p>\n<p><strong>Pokazatelji<\/strong> koji \u0107e doprineti cilju operacije<\/p>\n<table class=\" aligncenter\">\n<tbody>\n<tr>\n<td width=\"43\">\n<p style=\"text-align: left;\"><strong>Br.<\/strong><\/p>\n<\/td>\n<td style=\"text-align: left;\" width=\"446\"><strong>Rezultati<br \/>\n<\/strong><\/td>\n<td style=\"text-align: left;\" width=\"123\"><strong>broj<\/strong><\/td>\n<\/tr>\n<tr>\n<td width=\"43\">1.<\/td>\n<td width=\"446\"><strong>Broj osoba iz ranjivih ciljnih grupa uklju\u010denih u osposobljavanje *<\/strong><\/td>\n<td width=\"123\"><strong>40<\/strong><\/td>\n<\/tr>\n<tr>\n<td width=\"43\">2.<\/td>\n<td width=\"446\"><strong>Zapo\u0161ljavanje predstavnika iz ranjive grupe<\/strong><\/td>\n<td width=\"123\"><strong>1<\/strong><\/td>\n<\/tr>\n<tr>\n<td width=\"43\">3.<\/td>\n<td width=\"446\"><strong>Broj izvedenih radionica<\/strong><\/td>\n<td width=\"123\"><strong>71<\/strong><\/td>\n<\/tr>\n<tr>\n<td width=\"43\">4.<\/td>\n<td width=\"446\"><strong>Broj sati osposobljavanja<\/strong><\/td>\n<td width=\"123\"><strong>747<\/strong><\/td>\n<\/tr>\n<tr>\n<td width=\"43\">5.<\/td>\n<td width=\"446\"><strong>Broj priloga nastalih na radionicama i objavljenih na internet portalu<\/strong><\/td>\n<td width=\"123\"><strong>50<\/strong><\/td>\n<\/tr>\n<tr>\n<td width=\"43\">6.<\/td>\n<td width=\"446\"><strong>Broj promocijskih doga\u0111aja<\/strong><\/td>\n<td width=\"123\"><strong>5<\/strong><\/td>\n<\/tr>\n<\/tbody>\n<\/table>\n<h6>* Osoba uklju\u010dena u osposobljavanje je oseba iz ranljive ciljne grupe, koja je prisutna na osposobljavanjima najmanje 40 sati<\/h6>\n<p>\u00a0<\/p>\n<p><a href=\"https:\/\/dkis.si\/wp-content\/uploads\/2018\/11\/Logo_EKP_socialni_sklad_SLO_slogan.jpg\"><img loading=\"lazy\" decoding=\"async\" class=\"alignnone size-medium wp-image-7884\" src=\"https:\/\/dkis.si\/wp-content\/uploads\/2018\/11\/Logo_EKP_socialni_sklad_SLO_slogan-300x145.jpg\" alt=\"\" width=\"300\" height=\"145\" srcset=\"https:\/\/dkis.si\/wp-content\/uploads\/2018\/11\/Logo_EKP_socialni_sklad_SLO_slogan-300x145.jpg 300w, https:\/\/dkis.si\/wp-content\/uploads\/2018\/11\/Logo_EKP_socialni_sklad_SLO_slogan-768x372.jpg 768w, https:\/\/dkis.si\/wp-content\/uploads\/2018\/11\/Logo_EKP_socialni_sklad_SLO_slogan-447x216.jpg 447w, https:\/\/dkis.si\/wp-content\/uploads\/2018\/11\/Logo_EKP_socialni_sklad_SLO_slogan-228x110.jpg 228w, https:\/\/dkis.si\/wp-content\/uploads\/2018\/11\/Logo_EKP_socialni_sklad_SLO_slogan.jpg 1000w\" sizes=\"auto, (max-width: 300px) 100vw, 300px\" \/><\/a><a href=\"https:\/\/dkis.si\/wp-content\/uploads\/2018\/11\/logotip.jpg\"><img loading=\"lazy\" decoding=\"async\" class=\"alignnone wp-image-7886\" src=\"https:\/\/dkis.si\/wp-content\/uploads\/2018\/11\/logotip-300x168.jpg\" alt=\"\" width=\"248\" height=\"139\" \/><\/a><\/p>\n","protected":false},"excerpt":{"rendered":"<p>www.namrezi.si Period trajanja projekta: 12.10.2018.- 31.12.2019 Nosilac projekta: Srbski kulturni center Danilo Ki\u0161 Partneri: Paraliterarno dru\u0161tvo I.D.I.O.T., Zavod za prevajanje in povezovanje Jugoslovanskih kultur YugoTranslate \u2026<\/p>\n","protected":false},"author":2,"featured_media":0,"parent":10604,"menu_order":0,"comment_status":"closed","ping_status":"closed","template":"","meta":{"_editorskit_title_hidden":false,"_editorskit_reading_time":0,"_editorskit_is_block_options_detached":false,"_editorskit_block_options_position":"{}","footnotes":""},"class_list":["post-10217","page","type-page","status-publish","hentry"],"translation":{"provider":"WPGlobus","version":"3.0.0","language":"sr","enabled_languages":["sl","sr","en"],"languages":{"sl":{"title":true,"content":true,"excerpt":false},"sr":{"title":true,"content":true,"excerpt":false},"en":{"title":true,"content":true,"excerpt":false}}},"_links":{"self":[{"href":"https:\/\/dkis.si\/sr\/wp-json\/wp\/v2\/pages\/10217","targetHints":{"allow":["GET"]}}],"collection":[{"href":"https:\/\/dkis.si\/sr\/wp-json\/wp\/v2\/pages"}],"about":[{"href":"https:\/\/dkis.si\/sr\/wp-json\/wp\/v2\/types\/page"}],"author":[{"embeddable":true,"href":"https:\/\/dkis.si\/sr\/wp-json\/wp\/v2\/users\/2"}],"replies":[{"embeddable":true,"href":"https:\/\/dkis.si\/sr\/wp-json\/wp\/v2\/comments?post=10217"}],"version-history":[{"count":1,"href":"https:\/\/dkis.si\/sr\/wp-json\/wp\/v2\/pages\/10217\/revisions"}],"predecessor-version":[{"id":10511,"href":"https:\/\/dkis.si\/sr\/wp-json\/wp\/v2\/pages\/10217\/revisions\/10511"}],"up":[{"embeddable":true,"href":"https:\/\/dkis.si\/sr\/wp-json\/wp\/v2\/pages\/10604"}],"wp:attachment":[{"href":"https:\/\/dkis.si\/sr\/wp-json\/wp\/v2\/media?parent=10217"}],"curies":[{"name":"wp","href":"https:\/\/api.w.org\/{rel}","templated":true}]}}