{"id":10216,"date":"2015-05-20T15:10:47","date_gmt":"2015-05-20T15:10:47","guid":{"rendered":"http:\/\/dkis.si\/?page_id=1908"},"modified":"2023-05-25T12:06:12","modified_gmt":"2023-05-25T12:06:12","slug":"humanitarian-action","status":"publish","type":"page","link":"https:\/\/dkis.si\/sr\/all-projects\/humanitarian-action\/","title":{"rendered":"Humanitarna akcija"},"content":{"rendered":"<h3><strong>Humanitarna akcija prikupljanja pomo\u0107i za ugro\u017eene u poplavama<\/strong><\/h3>\n<p>maj-jun 2014.<\/p>\n<p>U maju 2014. godine SKC Danilo Ki\u0161 je me\u0111u prvim ustanovama u Sloveniji organizovao humanitarnu akciju prikupljanja pomo\u0107i za ugro\u017eene, usled poplava u Srbiji, Bosni i Hercegovini i Hrvatskoj. U humanitarnoj akciji, koja je trajala mesec dana, u\u010destvovalo je vi\u0161e od 30 volontera.<br \/>\nReakcija slovena\u010dke javnosti je bila brza i masovna. Mnogobrojni pojedinci i organizacije su neprekidno donosili u improvizovana skladi\u0161ta SKC Danila Ki\u0161 pune automobile razli\u010ditih potreb\u0161tina. Sakupljeno je 5 kamiona humanitarne pomo\u0107i, koja je poslana na najugro\u017eenija podru\u010dja.<\/p>\n<p>Na volontere, koji su pomagali pri sakupljanju i pakovanju pomo\u0107i, najve\u0107i utisak su ostavili paketi pomo\u0107i iz O\u0160 Brezovica pri Ljubljani. Svih 45 paketa su bili pa\u017eljivo zapakovani i ma\u0161tovito uvijeni u ukrasni papir sa ma\u0161nom, po uzoru na ro\u0111endanske poklone. Na svakom paketu je bilo napisano: \u017dena \u017eeni. Paketi su sadr\u017eali ba\u0161 ono \u0161to bi \u017eene \u017eelele poneti sa sobom kada napu\u0161taju svoj dom, i sitnice koje bi im nedostajale u svakodnevnom \u017eivotu: od sredstava za higijenu, kao \u0161to su kreme, \u0161minka, maskare, balzam za usne, lak za kosu, \u0161nale i elastike za kosu\u2026<\/p>\n<p>Da bi paketi ba\u0161 u tom obliku dospeli direktno u ruke \u017eena, pobrinuli su se volonteri iz SKC Danilo Ki\u0161, koji su li\u010dno vozili pakete u Bosnu i predali ih \u017eenama iz najugro\u017eenijih podru\u010dja.<\/p>\n<div id='gallery-1' class='gallery galleryid-10216 gallery-columns-3 gallery-size-medium'><figure class='gallery-item'>\n\t\t\t<div class='gallery-icon landscape'>\n\t\t\t\t<a href='https:\/\/dkis.si\/sr\/humanitarna-pomoc-2\/'><img loading=\"lazy\" decoding=\"async\" width=\"300\" height=\"225\" src=\"https:\/\/dkis.si\/wp-content\/uploads\/2015\/05\/Humanitarna-pomoc-2-300x225.jpg\" class=\"attachment-medium size-medium\" alt=\"\" srcset=\"https:\/\/dkis.si\/wp-content\/uploads\/2015\/05\/Humanitarna-pomoc-2-300x225.jpg 300w, https:\/\/dkis.si\/wp-content\/uploads\/2015\/05\/Humanitarna-pomoc-2-768x576.jpg 768w, https:\/\/dkis.si\/wp-content\/uploads\/2015\/05\/Humanitarna-pomoc-2-400x300.jpg 400w, https:\/\/dkis.si\/wp-content\/uploads\/2015\/05\/Humanitarna-pomoc-2-155x116.jpg 155w, https:\/\/dkis.si\/wp-content\/uploads\/2015\/05\/Humanitarna-pomoc-2.jpg 960w\" sizes=\"auto, (max-width: 300px) 100vw, 300px\" \/><\/a>\n\t\t\t<\/div><\/figure><figure class='gallery-item'>\n\t\t\t<div class='gallery-icon landscape'>\n\t\t\t\t<a href='https:\/\/dkis.si\/sr\/humanitarna-pomoc-19\/'><img loading=\"lazy\" decoding=\"async\" width=\"300\" height=\"225\" src=\"https:\/\/dkis.si\/wp-content\/uploads\/2015\/05\/Humanitarna-pomoc-19-1-300x225.jpg\" class=\"attachment-medium size-medium\" alt=\"\" srcset=\"https:\/\/dkis.si\/wp-content\/uploads\/2015\/05\/Humanitarna-pomoc-19-1-300x225.jpg 300w, https:\/\/dkis.si\/wp-content\/uploads\/2015\/05\/Humanitarna-pomoc-19-1-400x300.jpg 400w, https:\/\/dkis.si\/wp-content\/uploads\/2015\/05\/Humanitarna-pomoc-19-1-155x116.jpg 155w, https:\/\/dkis.si\/wp-content\/uploads\/2015\/05\/Humanitarna-pomoc-19-1.jpg 720w\" sizes=\"auto, (max-width: 300px) 100vw, 300px\" \/><\/a>\n\t\t\t<\/div><\/figure><figure class='gallery-item'>\n\t\t\t<div class='gallery-icon landscape'>\n\t\t\t\t<a href='https:\/\/dkis.si\/sr\/humanitarna-pomoc-18\/'><img loading=\"lazy\" decoding=\"async\" width=\"300\" height=\"225\" src=\"https:\/\/dkis.si\/wp-content\/uploads\/2015\/05\/Humanitarna-pomoc-18-300x225.jpg\" class=\"attachment-medium size-medium\" alt=\"\" srcset=\"https:\/\/dkis.si\/wp-content\/uploads\/2015\/05\/Humanitarna-pomoc-18-300x225.jpg 300w, https:\/\/dkis.si\/wp-content\/uploads\/2015\/05\/Humanitarna-pomoc-18-768x576.jpg 768w, https:\/\/dkis.si\/wp-content\/uploads\/2015\/05\/Humanitarna-pomoc-18-400x300.jpg 400w, https:\/\/dkis.si\/wp-content\/uploads\/2015\/05\/Humanitarna-pomoc-18-155x116.jpg 155w, https:\/\/dkis.si\/wp-content\/uploads\/2015\/05\/Humanitarna-pomoc-18.jpg 960w\" sizes=\"auto, (max-width: 300px) 100vw, 300px\" \/><\/a>\n\t\t\t<\/div><\/figure><figure class='gallery-item'>\n\t\t\t<div class='gallery-icon landscape'>\n\t\t\t\t<a href='https:\/\/dkis.si\/sr\/humanitarna-pomoc-17\/'><img loading=\"lazy\" decoding=\"async\" width=\"300\" height=\"225\" src=\"https:\/\/dkis.si\/wp-content\/uploads\/2015\/05\/Humanitarna-pomoc-17-300x225.jpg\" class=\"attachment-medium size-medium\" alt=\"\" srcset=\"https:\/\/dkis.si\/wp-content\/uploads\/2015\/05\/Humanitarna-pomoc-17-300x225.jpg 300w, https:\/\/dkis.si\/wp-content\/uploads\/2015\/05\/Humanitarna-pomoc-17-768x576.jpg 768w, https:\/\/dkis.si\/wp-content\/uploads\/2015\/05\/Humanitarna-pomoc-17-400x300.jpg 400w, https:\/\/dkis.si\/wp-content\/uploads\/2015\/05\/Humanitarna-pomoc-17-155x116.jpg 155w, https:\/\/dkis.si\/wp-content\/uploads\/2015\/05\/Humanitarna-pomoc-17.jpg 960w\" sizes=\"auto, (max-width: 300px) 100vw, 300px\" \/><\/a>\n\t\t\t<\/div><\/figure><figure class='gallery-item'>\n\t\t\t<div class='gallery-icon landscape'>\n\t\t\t\t<a href='https:\/\/dkis.si\/sr\/humanitarna-pomoc-14\/'><img loading=\"lazy\" decoding=\"async\" width=\"300\" height=\"225\" src=\"https:\/\/dkis.si\/wp-content\/uploads\/2015\/05\/Humanitarna-pomoc-14-300x225.jpg\" class=\"attachment-medium size-medium\" alt=\"\" srcset=\"https:\/\/dkis.si\/wp-content\/uploads\/2015\/05\/Humanitarna-pomoc-14-300x225.jpg 300w, https:\/\/dkis.si\/wp-content\/uploads\/2015\/05\/Humanitarna-pomoc-14-768x576.jpg 768w, https:\/\/dkis.si\/wp-content\/uploads\/2015\/05\/Humanitarna-pomoc-14-400x300.jpg 400w, https:\/\/dkis.si\/wp-content\/uploads\/2015\/05\/Humanitarna-pomoc-14-155x116.jpg 155w, https:\/\/dkis.si\/wp-content\/uploads\/2015\/05\/Humanitarna-pomoc-14.jpg 960w\" sizes=\"auto, (max-width: 300px) 100vw, 300px\" \/><\/a>\n\t\t\t<\/div><\/figure><figure class='gallery-item'>\n\t\t\t<div class='gallery-icon landscape'>\n\t\t\t\t<a href='https:\/\/dkis.si\/sr\/humanitarna-pomoc-13\/'><img loading=\"lazy\" decoding=\"async\" width=\"300\" height=\"225\" src=\"https:\/\/dkis.si\/wp-content\/uploads\/2015\/05\/Humanitarna-pomoc-13-300x225.jpg\" class=\"attachment-medium size-medium\" alt=\"\" srcset=\"https:\/\/dkis.si\/wp-content\/uploads\/2015\/05\/Humanitarna-pomoc-13-300x225.jpg 300w, https:\/\/dkis.si\/wp-content\/uploads\/2015\/05\/Humanitarna-pomoc-13-768x576.jpg 768w, https:\/\/dkis.si\/wp-content\/uploads\/2015\/05\/Humanitarna-pomoc-13-400x300.jpg 400w, https:\/\/dkis.si\/wp-content\/uploads\/2015\/05\/Humanitarna-pomoc-13-155x116.jpg 155w, https:\/\/dkis.si\/wp-content\/uploads\/2015\/05\/Humanitarna-pomoc-13.jpg 960w\" sizes=\"auto, (max-width: 300px) 100vw, 300px\" \/><\/a>\n\t\t\t<\/div><\/figure><figure class='gallery-item'>\n\t\t\t<div class='gallery-icon landscape'>\n\t\t\t\t<a href='https:\/\/dkis.si\/sr\/humanitarna-pomoc-12\/'><img loading=\"lazy\" decoding=\"async\" width=\"300\" height=\"225\" src=\"https:\/\/dkis.si\/wp-content\/uploads\/2015\/05\/Humanitarna-pomoc-12-300x225.jpg\" class=\"attachment-medium size-medium\" alt=\"\" srcset=\"https:\/\/dkis.si\/wp-content\/uploads\/2015\/05\/Humanitarna-pomoc-12-300x225.jpg 300w, https:\/\/dkis.si\/wp-content\/uploads\/2015\/05\/Humanitarna-pomoc-12-768x576.jpg 768w, https:\/\/dkis.si\/wp-content\/uploads\/2015\/05\/Humanitarna-pomoc-12-400x300.jpg 400w, https:\/\/dkis.si\/wp-content\/uploads\/2015\/05\/Humanitarna-pomoc-12-155x116.jpg 155w, https:\/\/dkis.si\/wp-content\/uploads\/2015\/05\/Humanitarna-pomoc-12.jpg 960w\" sizes=\"auto, (max-width: 300px) 100vw, 300px\" \/><\/a>\n\t\t\t<\/div><\/figure><figure class='gallery-item'>\n\t\t\t<div class='gallery-icon landscape'>\n\t\t\t\t<a href='https:\/\/dkis.si\/sr\/humanitarna-pomoc-9\/'><img loading=\"lazy\" decoding=\"async\" width=\"300\" height=\"169\" src=\"https:\/\/dkis.si\/wp-content\/uploads\/2015\/05\/Humanitarna-pomoc-9-300x169.jpg\" class=\"attachment-medium size-medium\" alt=\"\" srcset=\"https:\/\/dkis.si\/wp-content\/uploads\/2015\/05\/Humanitarna-pomoc-9-300x169.jpg 300w, https:\/\/dkis.si\/wp-content\/uploads\/2015\/05\/Humanitarna-pomoc-9-768x434.jpg 768w, https:\/\/dkis.si\/wp-content\/uploads\/2015\/05\/Humanitarna-pomoc-9-447x252.jpg 447w, https:\/\/dkis.si\/wp-content\/uploads\/2015\/05\/Humanitarna-pomoc-9-205x116.jpg 205w, https:\/\/dkis.si\/wp-content\/uploads\/2015\/05\/Humanitarna-pomoc-9.jpg 960w\" sizes=\"auto, (max-width: 300px) 100vw, 300px\" \/><\/a>\n\t\t\t<\/div><\/figure><figure class='gallery-item'>\n\t\t\t<div class='gallery-icon landscape'>\n\t\t\t\t<a href='https:\/\/dkis.si\/sr\/humanitarna-pomoc-8\/'><img loading=\"lazy\" decoding=\"async\" width=\"300\" height=\"169\" src=\"https:\/\/dkis.si\/wp-content\/uploads\/2015\/05\/Humanitarna-pomoc-8-300x169.jpg\" class=\"attachment-medium size-medium\" alt=\"\" srcset=\"https:\/\/dkis.si\/wp-content\/uploads\/2015\/05\/Humanitarna-pomoc-8-300x169.jpg 300w, https:\/\/dkis.si\/wp-content\/uploads\/2015\/05\/Humanitarna-pomoc-8-768x434.jpg 768w, https:\/\/dkis.si\/wp-content\/uploads\/2015\/05\/Humanitarna-pomoc-8-447x252.jpg 447w, https:\/\/dkis.si\/wp-content\/uploads\/2015\/05\/Humanitarna-pomoc-8-205x116.jpg 205w, https:\/\/dkis.si\/wp-content\/uploads\/2015\/05\/Humanitarna-pomoc-8.jpg 960w\" sizes=\"auto, (max-width: 300px) 100vw, 300px\" \/><\/a>\n\t\t\t<\/div><\/figure><figure class='gallery-item'>\n\t\t\t<div class='gallery-icon landscape'>\n\t\t\t\t<a href='https:\/\/dkis.si\/sr\/humanitarna-pomoc-7\/'><img loading=\"lazy\" decoding=\"async\" width=\"300\" height=\"169\" src=\"https:\/\/dkis.si\/wp-content\/uploads\/2015\/05\/Humanitarna-pomoc-7-1-300x169.jpg\" class=\"attachment-medium size-medium\" alt=\"\" srcset=\"https:\/\/dkis.si\/wp-content\/uploads\/2015\/05\/Humanitarna-pomoc-7-1-300x169.jpg 300w, https:\/\/dkis.si\/wp-content\/uploads\/2015\/05\/Humanitarna-pomoc-7-1-768x434.jpg 768w, https:\/\/dkis.si\/wp-content\/uploads\/2015\/05\/Humanitarna-pomoc-7-1-447x252.jpg 447w, https:\/\/dkis.si\/wp-content\/uploads\/2015\/05\/Humanitarna-pomoc-7-1-205x116.jpg 205w, https:\/\/dkis.si\/wp-content\/uploads\/2015\/05\/Humanitarna-pomoc-7-1.jpg 960w\" sizes=\"auto, (max-width: 300px) 100vw, 300px\" \/><\/a>\n\t\t\t<\/div><\/figure><figure class='gallery-item'>\n\t\t\t<div class='gallery-icon landscape'>\n\t\t\t\t<a href='https:\/\/dkis.si\/sr\/humanitarna-pomoc-5\/'><img loading=\"lazy\" decoding=\"async\" width=\"300\" height=\"225\" src=\"https:\/\/dkis.si\/wp-content\/uploads\/2015\/05\/Humanitarna-pomoc-5-300x225.jpg\" class=\"attachment-medium size-medium\" alt=\"\" srcset=\"https:\/\/dkis.si\/wp-content\/uploads\/2015\/05\/Humanitarna-pomoc-5-300x225.jpg 300w, https:\/\/dkis.si\/wp-content\/uploads\/2015\/05\/Humanitarna-pomoc-5-768x576.jpg 768w, https:\/\/dkis.si\/wp-content\/uploads\/2015\/05\/Humanitarna-pomoc-5-400x300.jpg 400w, https:\/\/dkis.si\/wp-content\/uploads\/2015\/05\/Humanitarna-pomoc-5-155x116.jpg 155w, https:\/\/dkis.si\/wp-content\/uploads\/2015\/05\/Humanitarna-pomoc-5.jpg 960w\" sizes=\"auto, (max-width: 300px) 100vw, 300px\" \/><\/a>\n\t\t\t<\/div><\/figure><figure class='gallery-item'>\n\t\t\t<div class='gallery-icon landscape'>\n\t\t\t\t<a href='https:\/\/dkis.si\/sr\/humanitarna-pomoc-4\/'><img loading=\"lazy\" decoding=\"async\" width=\"300\" height=\"225\" src=\"https:\/\/dkis.si\/wp-content\/uploads\/2015\/05\/Humanitarna-pomoc-4-300x225.jpg\" class=\"attachment-medium size-medium\" alt=\"\" srcset=\"https:\/\/dkis.si\/wp-content\/uploads\/2015\/05\/Humanitarna-pomoc-4-300x225.jpg 300w, https:\/\/dkis.si\/wp-content\/uploads\/2015\/05\/Humanitarna-pomoc-4-768x576.jpg 768w, https:\/\/dkis.si\/wp-content\/uploads\/2015\/05\/Humanitarna-pomoc-4-400x300.jpg 400w, https:\/\/dkis.si\/wp-content\/uploads\/2015\/05\/Humanitarna-pomoc-4-155x116.jpg 155w, https:\/\/dkis.si\/wp-content\/uploads\/2015\/05\/Humanitarna-pomoc-4.jpg 960w\" sizes=\"auto, (max-width: 300px) 100vw, 300px\" \/><\/a>\n\t\t\t<\/div><\/figure><figure class='gallery-item'>\n\t\t\t<div class='gallery-icon landscape'>\n\t\t\t\t<a href='https:\/\/dkis.si\/sr\/humanitarna-pomoc-3\/'><img loading=\"lazy\" decoding=\"async\" width=\"300\" height=\"225\" src=\"https:\/\/dkis.si\/wp-content\/uploads\/2015\/05\/Humanitarna-pomoc-3-300x225.jpg\" class=\"attachment-medium size-medium\" alt=\"\" srcset=\"https:\/\/dkis.si\/wp-content\/uploads\/2015\/05\/Humanitarna-pomoc-3-300x225.jpg 300w, https:\/\/dkis.si\/wp-content\/uploads\/2015\/05\/Humanitarna-pomoc-3-1024x768.jpg 1024w, https:\/\/dkis.si\/wp-content\/uploads\/2015\/05\/Humanitarna-pomoc-3-768x576.jpg 768w, https:\/\/dkis.si\/wp-content\/uploads\/2015\/05\/Humanitarna-pomoc-3-1536x1152.jpg 1536w, https:\/\/dkis.si\/wp-content\/uploads\/2015\/05\/Humanitarna-pomoc-3-2048x1536.jpg 2048w, https:\/\/dkis.si\/wp-content\/uploads\/2015\/05\/Humanitarna-pomoc-3-400x300.jpg 400w, https:\/\/dkis.si\/wp-content\/uploads\/2015\/05\/Humanitarna-pomoc-3-155x116.jpg 155w\" sizes=\"auto, (max-width: 300px) 100vw, 300px\" \/><\/a>\n\t\t\t<\/div><\/figure><figure class='gallery-item'>\n\t\t\t<div class='gallery-icon portrait'>\n\t\t\t\t<a href='https:\/\/dkis.si\/sr\/humanitarna-pomoc-6\/'><img loading=\"lazy\" decoding=\"async\" width=\"212\" height=\"300\" src=\"https:\/\/dkis.si\/wp-content\/uploads\/2015\/05\/Humanitarna-pomoc-6-212x300.jpg\" class=\"attachment-medium size-medium\" alt=\"\" srcset=\"https:\/\/dkis.si\/wp-content\/uploads\/2015\/05\/Humanitarna-pomoc-6-212x300.jpg 212w, https:\/\/dkis.si\/wp-content\/uploads\/2015\/05\/Humanitarna-pomoc-6-82x116.jpg 82w, https:\/\/dkis.si\/wp-content\/uploads\/2015\/05\/Humanitarna-pomoc-6.jpg 678w\" sizes=\"auto, (max-width: 212px) 100vw, 212px\" \/><\/a>\n\t\t\t<\/div><\/figure>\n\t\t<\/div>\n\n","protected":false},"excerpt":{"rendered":"<p>Humanitarna akcija prikupljanja pomo\u0107i za ugro\u017eene u poplavama maj-jun 2014. U maju 2014. godine SKC Danilo Ki\u0161 je me\u0111u prvim ustanovama u Sloveniji organizovao humanitarnu \u2026<\/p>\n","protected":false},"author":2,"featured_media":0,"parent":10604,"menu_order":0,"comment_status":"closed","ping_status":"closed","template":"","meta":{"_editorskit_title_hidden":false,"_editorskit_reading_time":0,"_editorskit_is_block_options_detached":false,"_editorskit_block_options_position":"{}","footnotes":""},"class_list":["post-10216","page","type-page","status-publish","hentry"],"translation":{"provider":"WPGlobus","version":"3.0.2","language":"sr","enabled_languages":["sl","sr","en"],"languages":{"sl":{"title":true,"content":true,"excerpt":false},"sr":{"title":true,"content":true,"excerpt":false},"en":{"title":true,"content":true,"excerpt":false}}},"_links":{"self":[{"href":"https:\/\/dkis.si\/sr\/wp-json\/wp\/v2\/pages\/10216","targetHints":{"allow":["GET"]}}],"collection":[{"href":"https:\/\/dkis.si\/sr\/wp-json\/wp\/v2\/pages"}],"about":[{"href":"https:\/\/dkis.si\/sr\/wp-json\/wp\/v2\/types\/page"}],"author":[{"embeddable":true,"href":"https:\/\/dkis.si\/sr\/wp-json\/wp\/v2\/users\/2"}],"replies":[{"embeddable":true,"href":"https:\/\/dkis.si\/sr\/wp-json\/wp\/v2\/comments?post=10216"}],"version-history":[{"count":1,"href":"https:\/\/dkis.si\/sr\/wp-json\/wp\/v2\/pages\/10216\/revisions"}],"predecessor-version":[{"id":10512,"href":"https:\/\/dkis.si\/sr\/wp-json\/wp\/v2\/pages\/10216\/revisions\/10512"}],"up":[{"embeddable":true,"href":"https:\/\/dkis.si\/sr\/wp-json\/wp\/v2\/pages\/10604"}],"wp:attachment":[{"href":"https:\/\/dkis.si\/sr\/wp-json\/wp\/v2\/media?parent=10216"}],"curies":[{"name":"wp","href":"https:\/\/api.w.org\/{rel}","templated":true}]}}