{"id":10213,"date":"2015-05-20T09:53:09","date_gmt":"2015-05-20T09:53:09","guid":{"rendered":"http:\/\/dkis.si\/?page_id=1767"},"modified":"2023-05-25T12:06:38","modified_gmt":"2023-05-25T12:06:38","slug":"school","status":"publish","type":"page","link":"https:\/\/dkis.si\/sr\/all-projects\/school\/","title":{"rendered":"\u0160kola"},"content":{"rendered":"<h3><strong>\u0160kola srpskog jezika i kulture<\/strong><\/h3>\n<p>2010- 2012<\/p>\n<p>Srpski kulturni centar Danilo Ki\u0161 je u periodu od 2010. do 2012. godine organizovao besplatnu dopunsku nastavu srpskog jezika i kulture u prostorijama O\u0160 Majda Vrhovnik i O\u0160 Livade u Ljubljani.<\/p>\n<p>Glavni ciljevi projekta, koji je finansiralo Ministarstvo za dijasporu Republike Srbije, bili su:\u00a0obezbediti\u00a0svim zainteresovanim mladim ljudima, ro\u0111enim u dijaspori, dodir sa srpskim jezikom i srpskom kulturom; pribli\u017eiti im toplinu i lepote Srbije i Balkana i istovremeno ponuditi prakti\u010dna znanja i ve\u0161tine, korisne kako za njihovo dalje \u0161kolovanje, tako i prilikom zaposlenja. U 2012. godini nastava je izvo\u0111ena i u Postojini i Novom Mestu.<\/p>\n<p>Dopunska nastava na srpskom jeziku izvo\u0111ena je prema planu i programu koji je propisalo Ministarstvo za obrazovanje Republike Srbije.<\/p>\n<div id='gallery-1' class='gallery galleryid-10213 gallery-columns-3 gallery-size-thumbnail'><figure class='gallery-item'>\n\t\t\t<div class='gallery-icon landscape'>\n\t\t\t\t<a href='https:\/\/dkis.si\/sr\/dodela-diploma-8\/'><img loading=\"lazy\" decoding=\"async\" width=\"150\" height=\"150\" src=\"https:\/\/dkis.si\/wp-content\/uploads\/2015\/05\/dodela-diploma-8-1-150x150.jpg\" class=\"attachment-thumbnail size-thumbnail\" alt=\"\" \/><\/a>\n\t\t\t<\/div><\/figure><figure class='gallery-item'>\n\t\t\t<div class='gallery-icon landscape'>\n\t\t\t\t<a href='https:\/\/dkis.si\/sr\/dodela-diploma-5\/'><img loading=\"lazy\" decoding=\"async\" width=\"150\" height=\"150\" src=\"https:\/\/dkis.si\/wp-content\/uploads\/2015\/05\/dodela-diploma-5-150x150.jpg\" class=\"attachment-thumbnail size-thumbnail\" alt=\"\" \/><\/a>\n\t\t\t<\/div><\/figure><figure class='gallery-item'>\n\t\t\t<div class='gallery-icon landscape'>\n\t\t\t\t<a href='https:\/\/dkis.si\/sr\/dodela-diploma-7\/'><img loading=\"lazy\" decoding=\"async\" width=\"150\" height=\"150\" src=\"https:\/\/dkis.si\/wp-content\/uploads\/2015\/05\/dodela-diploma-7-150x150.jpg\" class=\"attachment-thumbnail size-thumbnail\" alt=\"\" \/><\/a>\n\t\t\t<\/div><\/figure><figure class='gallery-item'>\n\t\t\t<div class='gallery-icon landscape'>\n\t\t\t\t<a href='https:\/\/dkis.si\/sr\/dodela-diploma-9\/'><img loading=\"lazy\" decoding=\"async\" width=\"150\" height=\"150\" src=\"https:\/\/dkis.si\/wp-content\/uploads\/2015\/05\/dodela-diploma-9-150x150.jpg\" class=\"attachment-thumbnail size-thumbnail\" alt=\"\" \/><\/a>\n\t\t\t<\/div><\/figure><figure class='gallery-item'>\n\t\t\t<div class='gallery-icon landscape'>\n\t\t\t\t<a href='https:\/\/dkis.si\/sr\/dodela-diploma-10\/'><img loading=\"lazy\" decoding=\"async\" width=\"150\" height=\"150\" src=\"https:\/\/dkis.si\/wp-content\/uploads\/2015\/05\/dodela-diploma-10-150x150.jpg\" class=\"attachment-thumbnail size-thumbnail\" alt=\"\" \/><\/a>\n\t\t\t<\/div><\/figure><figure class='gallery-item'>\n\t\t\t<div class='gallery-icon landscape'>\n\t\t\t\t<a href='https:\/\/dkis.si\/sr\/dodela-diploma-11\/'><img loading=\"lazy\" decoding=\"async\" width=\"150\" height=\"150\" src=\"https:\/\/dkis.si\/wp-content\/uploads\/2015\/05\/dodela-diploma-11-150x150.jpg\" class=\"attachment-thumbnail size-thumbnail\" alt=\"\" \/><\/a>\n\t\t\t<\/div><\/figure><figure class='gallery-item'>\n\t\t\t<div class='gallery-icon landscape'>\n\t\t\t\t<a href='https:\/\/dkis.si\/sr\/risbe006\/'><img loading=\"lazy\" decoding=\"async\" width=\"150\" height=\"150\" src=\"https:\/\/dkis.si\/wp-content\/uploads\/2015\/05\/risbe006-150x150.jpg\" class=\"attachment-thumbnail size-thumbnail\" alt=\"\" \/><\/a>\n\t\t\t<\/div><\/figure><figure class='gallery-item'>\n\t\t\t<div class='gallery-icon landscape'>\n\t\t\t\t<a href='https:\/\/dkis.si\/sr\/risbe022\/'><img loading=\"lazy\" decoding=\"async\" width=\"150\" height=\"150\" src=\"https:\/\/dkis.si\/wp-content\/uploads\/2015\/05\/risbe022-150x150.jpg\" class=\"attachment-thumbnail size-thumbnail\" alt=\"\" \/><\/a>\n\t\t\t<\/div><\/figure><figure class='gallery-item'>\n\t\t\t<div class='gallery-icon portrait'>\n\t\t\t\t<a href='https:\/\/dkis.si\/sr\/risbe-23\/'><img loading=\"lazy\" decoding=\"async\" width=\"150\" height=\"150\" src=\"https:\/\/dkis.si\/wp-content\/uploads\/2015\/05\/risbe-23-150x150.jpg\" class=\"attachment-thumbnail size-thumbnail\" alt=\"\" \/><\/a>\n\t\t\t<\/div><\/figure><figure class='gallery-item'>\n\t\t\t<div class='gallery-icon portrait'>\n\t\t\t\t<a href='https:\/\/dkis.si\/sr\/risbe021\/'><img loading=\"lazy\" decoding=\"async\" width=\"150\" height=\"150\" src=\"https:\/\/dkis.si\/wp-content\/uploads\/2015\/05\/risbe021-150x150.jpg\" class=\"attachment-thumbnail size-thumbnail\" alt=\"\" \/><\/a>\n\t\t\t<\/div><\/figure><figure class='gallery-item'>\n\t\t\t<div class='gallery-icon portrait'>\n\t\t\t\t<a href='https:\/\/dkis.si\/sr\/risbe020\/'><img loading=\"lazy\" decoding=\"async\" width=\"150\" height=\"150\" src=\"https:\/\/dkis.si\/wp-content\/uploads\/2015\/05\/risbe020-150x150.jpg\" class=\"attachment-thumbnail size-thumbnail\" alt=\"\" \/><\/a>\n\t\t\t<\/div><\/figure><figure class='gallery-item'>\n\t\t\t<div class='gallery-icon landscape'>\n\t\t\t\t<a href='https:\/\/dkis.si\/sr\/risbe007\/'><img loading=\"lazy\" decoding=\"async\" width=\"150\" height=\"150\" src=\"https:\/\/dkis.si\/wp-content\/uploads\/2015\/05\/risbe007-150x150.jpg\" class=\"attachment-thumbnail size-thumbnail\" alt=\"\" \/><\/a>\n\t\t\t<\/div><\/figure><figure class='gallery-item'>\n\t\t\t<div class='gallery-icon landscape'>\n\t\t\t\t<a href='https:\/\/dkis.si\/sr\/risbe004\/'><img loading=\"lazy\" decoding=\"async\" width=\"150\" height=\"150\" src=\"https:\/\/dkis.si\/wp-content\/uploads\/2015\/05\/risbe004-150x150.jpg\" class=\"attachment-thumbnail size-thumbnail\" alt=\"\" \/><\/a>\n\t\t\t<\/div><\/figure><figure class='gallery-item'>\n\t\t\t<div class='gallery-icon landscape'>\n\t\t\t\t<a href='https:\/\/dkis.si\/sr\/risbe018\/'><img loading=\"lazy\" decoding=\"async\" width=\"150\" height=\"150\" src=\"https:\/\/dkis.si\/wp-content\/uploads\/2015\/05\/risbe018-1-150x150.jpg\" class=\"attachment-thumbnail size-thumbnail\" alt=\"\" \/><\/a>\n\t\t\t<\/div><\/figure>\n\t\t<\/div>\n\n","protected":false},"excerpt":{"rendered":"<p>\u0160kola srpskog jezika i kulture 2010- 2012 Srpski kulturni centar Danilo Ki\u0161 je u periodu od 2010. do 2012. godine organizovao besplatnu dopunsku nastavu srpskog \u2026<\/p>\n","protected":false},"author":2,"featured_media":0,"parent":10604,"menu_order":0,"comment_status":"closed","ping_status":"closed","template":"","meta":{"_editorskit_title_hidden":false,"_editorskit_reading_time":0,"_editorskit_is_block_options_detached":false,"_editorskit_block_options_position":"{}","footnotes":""},"class_list":["post-10213","page","type-page","status-publish","hentry"],"translation":{"provider":"WPGlobus","version":"3.0.0","language":"sr","enabled_languages":["sl","sr","en"],"languages":{"sl":{"title":true,"content":true,"excerpt":false},"sr":{"title":true,"content":true,"excerpt":false},"en":{"title":true,"content":true,"excerpt":false}}},"_links":{"self":[{"href":"https:\/\/dkis.si\/sr\/wp-json\/wp\/v2\/pages\/10213","targetHints":{"allow":["GET"]}}],"collection":[{"href":"https:\/\/dkis.si\/sr\/wp-json\/wp\/v2\/pages"}],"about":[{"href":"https:\/\/dkis.si\/sr\/wp-json\/wp\/v2\/types\/page"}],"author":[{"embeddable":true,"href":"https:\/\/dkis.si\/sr\/wp-json\/wp\/v2\/users\/2"}],"replies":[{"embeddable":true,"href":"https:\/\/dkis.si\/sr\/wp-json\/wp\/v2\/comments?post=10213"}],"version-history":[{"count":1,"href":"https:\/\/dkis.si\/sr\/wp-json\/wp\/v2\/pages\/10213\/revisions"}],"predecessor-version":[{"id":10515,"href":"https:\/\/dkis.si\/sr\/wp-json\/wp\/v2\/pages\/10213\/revisions\/10515"}],"up":[{"embeddable":true,"href":"https:\/\/dkis.si\/sr\/wp-json\/wp\/v2\/pages\/10604"}],"wp:attachment":[{"href":"https:\/\/dkis.si\/sr\/wp-json\/wp\/v2\/media?parent=10213"}],"curies":[{"name":"wp","href":"https:\/\/api.w.org\/{rel}","templated":true}]}}