{"id":10208,"date":"2015-04-16T10:07:13","date_gmt":"2015-04-16T10:07:13","guid":{"rendered":"http:\/\/dkis.si\/?page_id=273"},"modified":"2023-05-25T12:07:10","modified_gmt":"2023-05-25T12:07:10","slug":"flight-control","status":"publish","type":"page","link":"https:\/\/dkis.si\/sr\/all-projects\/flight-control\/","title":{"rendered":"Kontrola leta"},"content":{"rendered":"<div class=\"headline\">\n<h3 class=\"title\"><strong>Kontrola leta &#8211; Emisija na srpskom jeziku<\/strong><\/h3>\n<p>2012\u21d2<\/p>\n<p><span style=\"line-height: 1.5;\">Partner: Radio \u0160tudent<\/span><\/p>\n<\/div>\n<p dir=\"ltr\">Projekat podr\u017eava: Ministarstvo kulture R. Slovenije, Ministarstvo kulture R. Srbije, Kancelarija za saradnju s dijasporom i Srbima u regionu<\/p>\n<p dir=\"ltr\">Kontrola leta je jedina radio emisija na srpskom jeziku u Sloveniji. Kulturno-informativnog profila i kola\u017enog tipa, zasnovana je na kritici i dijalogu izme\u0111u srpske i slovena\u010dke kulture. U emisiji predstavljamo i promovi\u0161emo progresivnu, alternativnu i underground srpsku kulturnu scenu (muzika, knji\u017eevnost, pozori\u0161te, film), koja u Sloveniji nije dovoljno medijski zastupljena. Nudimo druga\u010diji uvid u srpsku kulturu za razliku od stereotipizovanog pogleda, koji je uglavnom prisutan u slovena\u010dkim medijima. Osim kulture, predstavljamo i va\u017ene informacije za srpsku (i druge manjine) u Sloveniji i istovremeno poku\u0161avamo da osvetlimo probleme sa kojima se suo\u010davaju predstavnici srpske (i drugih manjina) u Sloveniji i regiji.<\/p>\n<p dir=\"ltr\">Kontrola leta nastaje pod okriljem Srpskog kulturnog centra \u00bbDanilo Ki\u0161\u00ab iz Ljubljane. Autorka emisije, urednica i voditeljka je dr Biljana \u017diki\u0107. Saradnici na emisiji: Dr Svetlana Slap\u0161ak, Irena Vuj\u010di\u0107 Pavlovi\u0107, Ognjen Radivojevi\u0107, Jelena Dobrosavljevi\u0107, Tatjana Adamovi\u0107 \u2026<\/p>\n<p>Kontrola leta je na talasima Radio \u0160tudenta, jedne od najstarijih nezavisnih i nekomercijalnih radio stanica u Evropi, 89.3MHz, svake druge nedelje u 12 sati. Emisiju mo\u017eete slu\u0161ati i u arhivi vebb sajta Radio \u0160tudenta: <a href=\"http:\/\/radiostudent.si\/dru%C5%BEba\/kontrola-leta\">http:\/\/radiostudent.si\/dru%C5%BEba\/kontrola-leta<\/a>.<\/p>\n<p><img loading=\"lazy\" decoding=\"async\" class=\"alignnone wp-image-8040\" src=\"https:\/\/dkis.si\/wp-content\/uploads\/2019\/01\/Ministarstvo-spoljnih-poslova-DIJASPORA.jpg\" alt=\"\" width=\"291\" height=\"155\" srcset=\"https:\/\/dkis.si\/wp-content\/uploads\/2019\/01\/Ministarstvo-spoljnih-poslova-DIJASPORA.jpg 600w, https:\/\/dkis.si\/wp-content\/uploads\/2019\/01\/Ministarstvo-spoljnih-poslova-DIJASPORA-300x160.jpg 300w, https:\/\/dkis.si\/wp-content\/uploads\/2019\/01\/Ministarstvo-spoljnih-poslova-DIJASPORA-447x238.jpg 447w, https:\/\/dkis.si\/wp-content\/uploads\/2019\/01\/Ministarstvo-spoljnih-poslova-DIJASPORA-218x116.jpg 218w\" sizes=\"auto, (max-width: 291px) 100vw, 291px\" \/><\/p>\n<p><img loading=\"lazy\" decoding=\"async\" class=\"alignnone wp-image-8042\" src=\"https:\/\/dkis.si\/wp-content\/uploads\/2019\/01\/MK-Srbija-logo1.jpg\" alt=\"\" width=\"274\" height=\"206\" srcset=\"https:\/\/dkis.si\/wp-content\/uploads\/2019\/01\/MK-Srbija-logo1.jpg 259w, https:\/\/dkis.si\/wp-content\/uploads\/2019\/01\/MK-Srbija-logo1-154x116.jpg 154w\" sizes=\"auto, (max-width: 274px) 100vw, 274px\" \/><\/p>\n<p><img loading=\"lazy\" decoding=\"async\" class=\"alignnone size-full wp-image-7886\" src=\"https:\/\/dkis.si\/wp-content\/uploads\/2018\/11\/logotip.jpg\" alt=\"\" width=\"300\" height=\"168\" srcset=\"https:\/\/dkis.si\/wp-content\/uploads\/2018\/11\/logotip.jpg 300w, https:\/\/dkis.si\/wp-content\/uploads\/2018\/11\/logotip-207x116.jpg 207w\" sizes=\"auto, (max-width: 300px) 100vw, 300px\" \/><\/p>\n","protected":false},"excerpt":{"rendered":"<p>Kontrola leta &#8211; Emisija na srpskom jeziku 2012\u21d2 Partner: Radio \u0160tudent Projekat podr\u017eava: Ministarstvo kulture R. Slovenije, Ministarstvo kulture R. Srbije, Kancelarija za saradnju s \u2026<\/p>\n","protected":false},"author":2,"featured_media":0,"parent":10604,"menu_order":4,"comment_status":"closed","ping_status":"closed","template":"","meta":{"_editorskit_title_hidden":false,"_editorskit_reading_time":0,"_editorskit_is_block_options_detached":false,"_editorskit_block_options_position":"{}","footnotes":""},"class_list":["post-10208","page","type-page","status-publish","hentry"],"translation":{"provider":"WPGlobus","version":"3.0.0","language":"sr","enabled_languages":["sl","sr","en"],"languages":{"sl":{"title":true,"content":true,"excerpt":false},"sr":{"title":true,"content":true,"excerpt":false},"en":{"title":true,"content":true,"excerpt":false}}},"_links":{"self":[{"href":"https:\/\/dkis.si\/sr\/wp-json\/wp\/v2\/pages\/10208","targetHints":{"allow":["GET"]}}],"collection":[{"href":"https:\/\/dkis.si\/sr\/wp-json\/wp\/v2\/pages"}],"about":[{"href":"https:\/\/dkis.si\/sr\/wp-json\/wp\/v2\/types\/page"}],"author":[{"embeddable":true,"href":"https:\/\/dkis.si\/sr\/wp-json\/wp\/v2\/users\/2"}],"replies":[{"embeddable":true,"href":"https:\/\/dkis.si\/sr\/wp-json\/wp\/v2\/comments?post=10208"}],"version-history":[{"count":5,"href":"https:\/\/dkis.si\/sr\/wp-json\/wp\/v2\/pages\/10208\/revisions"}],"predecessor-version":[{"id":10600,"href":"https:\/\/dkis.si\/sr\/wp-json\/wp\/v2\/pages\/10208\/revisions\/10600"}],"up":[{"embeddable":true,"href":"https:\/\/dkis.si\/sr\/wp-json\/wp\/v2\/pages\/10604"}],"wp:attachment":[{"href":"https:\/\/dkis.si\/sr\/wp-json\/wp\/v2\/media?parent=10208"}],"curies":[{"name":"wp","href":"https:\/\/api.w.org\/{rel}","templated":true}]}}