{"id":10207,"date":"2015-04-16T10:00:08","date_gmt":"2015-04-16T10:00:08","guid":{"rendered":"http:\/\/dkis.si\/?page_id=261"},"modified":"2023-05-25T12:07:03","modified_gmt":"2023-05-25T12:07:03","slug":"empowering-women","status":"publish","type":"page","link":"https:\/\/dkis.si\/sr\/all-projects\/empowering-women\/","title":{"rendered":"Osna\u017eivanje \u017eena"},"content":{"rendered":"<div class=\"headline\">\n<h3 class=\"title\"><strong>Osna\u017eivanje \u017eena na tr\u017ei\u0161tu rada: medijska kampanja za bolje informisanje, obrazovanje i aktivniju ulogu \u017eena<\/strong><\/h3>\n<p>2014-2016<\/p>\n<\/div>\n<p>Period trajanja: od 1.10. 2014 do 30.9. 2016<\/p>\n<p>Izvo\u0111a\u010d projekta: Srbski kulturni center Danilo Ki\u0161<\/p>\n<p>Partneri na projektu: <a href=\"http:\/\/www.pescanik.net\">Pe\u0161\u010danik<\/a> in <a href=\"http:\/\/www.pravonarad.info\">S.T.R.I.K.E<\/a><\/p>\n<p>Projekt finansira: <a href=\"http:\/\/www.mzz.gov.si\">Ministarstvo za spoljne poslove Republike Slovenije <\/a><\/p>\n<p>Osnovni cilj projekta je da \u017eenama u Srbiji ponudi celovito informisanje i obrazovanje kao i neposrednu pravnu i psiholo\u0161ku pomo\u0107 kao potporu njihovoj aktivnijoj ulozi u prepoznavanju i prijavljivanju diskriminacije. Putem interaktivne kombinovane, javne medijske kampanje (cross media koncept), \u017eene u Srbiji \u0107e imati priliku da na jednom mestu dobiju sve potrebne informacije, znanja, mere i na\u010dine da prijave diskriminaciju na radnom mestu. Osim aktivnog informisanja, cilj projekat je da ponudi besplatnu pravnu i psiholo\u0161ku pomo\u0107 za \u017eene koje se nalaze pod pritiskom diskriminacijskih praksi na tr\u017ei\u0161tu rada ili su u pro\u0161losti bile \u017ertve ove vrste diskriminacije.<\/p>\n<p>Cilj je uklju\u010diti \u0161to ve\u0107i broj svih starosnih doba i svih obrazovnih profila \u017eena na dva na\u010dina: aktivno upoznavanje \u017eena sa problemom i izno\u0161enje li\u010dnog do\u017eivljaja problema uz istovremeno pristupanje njegovom re\u0161avanju. Ove ciljeve projekat \u0107e poku\u0161ati da dostigne uz pomo\u0107 razli\u010ditih medija: novih medija (internet portal) na koje je naviknuta mla\u0111a i srednja populacija \u017eena i tradicionalnih medija (radio, dokumentarni film, priru\u010dnici) koji su popularni kod svih generacija. Kroz projekt \u017eene \u0107e biti podstaknute da izgovore i artikuli\u0161u svoje iskustvo diskriminacije (anonimne izjave, blogovi, intervjui) i da na taj na\u010din ocene svoju poziciju \u0161to \u0107e pomo\u0107i neposrednoj identifikaciji i ose\u0107anju povezanosti.<\/p>\n<p>Na drugoj strani, medijska kampanja zna\u010di u\u010dinkovitije informisanje \u0161ire javnosti o problemu i poziv institucijama koje se bave pravima \u017eena da prihvate nove metode re\u0161avanja problematike.<\/p>\n<p>Tako\u0111e, namena projekta je formiranje solidne mre\u017ee \u017eenskih organizacija u Srbiji i u EU u cilju zajedni\u010dkog delovanja.<\/p>\n<p><strong>Predvi\u0111eni rezultati:<\/strong><\/p>\n<ul>\n<li>Internet portal kao platforma za informisanje, obrazovanje, pomo\u0107 i interakciju \u017eena, stru\u010dne javnosti, poslodavaca, dr\u017eavnih institucija i civilnog sektora sa podru\u010dja radnih prava i diskriminacije na radu;<\/li>\n<li>Mre\u017ea \u017eenskih organizacija iz Srbije i Slovenije koje \u0107e u\u010destvovati u diseminiaciji i promociji projektnih sadr\u017eaja<\/li>\n<li>\u010cetiri radijske emisije<\/li>\n<li>Dokumentarni film<\/li>\n<li>Tri okrugla stola- razgovor sa predstavnicima dr\u017eavnih i civilnih struktura, stru\u010dnom javno\u0161\u0107u kao i sa \u017eenama koje su \u017ertve diskriminacije, odnosno poznaju primere dobrih praksi, npr. poslodavci koji su uspe\u0161no re\u0161ili primere diskriminacije odnosno odre\u0111enim merama spre\u010dili diskriminacije \u017eena<\/li>\n<li>Priru\u010dnik na temu diskriminacije \u017eena na tr\u017ei\u0161tu rada (iskustva iz projekta i preporuke za informisanje, obrazovanje, osve\u0161\u0107ivanje i pomo\u0107 za aktivniju ulogu \u017eena kod prijavljivanja diskriminacije na tr\u017ei\u0161tu rada)<\/li>\n<\/ul>\n<p><strong>Ciljne grupe:<\/strong><\/p>\n<ul>\n<li>\u017eene \u017ertve diskriminacije na tr\u017ei\u0161tu rada;<\/li>\n<li>\u017eene na tr\u017ei\u0161tu rada svih starosti i obrazovanja;<\/li>\n<li>mu\u0161karci zainteresovani za polo\u017eaj \u017eena na tr\u017ei\u0161tu rada;<\/li>\n<li>dr\u017eavne i nevladine organizacije i institucije koje se bave diskriminacijom \u017eena na tr\u017ei\u0161tu rada kao i na drugim podru\u010djima;<\/li>\n<li>poslodavci (privatni i javni);<\/li>\n<li>institucije koje konkretizuju uslove za za\u0161titu \u017eena na tr\u017ei\u0161tu rada (pravno-zakonodavni organi)<\/li>\n<li>op\u0161ta, stru\u010dna i medijska javnost;<\/li>\n<li>sve ciljne grupe i u \u0161irem regionu.<\/li>\n<\/ul>\n<p><a href=\"http:\/\/dkis.si\/wp-content\/uploads\/2015\/04\/Razvojno_sodelovanje_LOGO_01.jpg\"><img loading=\"lazy\" decoding=\"async\" class=\"alignnone size-full wp-image-3298\" src=\"http:\/\/dkis.si\/wp-content\/uploads\/2015\/04\/Razvojno_sodelovanje_LOGO_01.jpg\" alt=\"Razvojno_sodelovanje_LOGO_01\" width=\"227\" height=\"144\" srcset=\"https:\/\/dkis.si\/wp-content\/uploads\/2015\/04\/Razvojno_sodelovanje_LOGO_01.jpg 227w, https:\/\/dkis.si\/wp-content\/uploads\/2015\/04\/Razvojno_sodelovanje_LOGO_01-183x116.jpg 183w\" sizes=\"auto, (max-width: 227px) 100vw, 227px\" \/><\/a><\/p>\n<p><em>Mi<\/em><em>\u0161ljenja i sadr\u017eaj projekta ne predstavljaju zvani\u010dan stav Vlade Republike Slovenije.\u00a0<\/em><\/p>\n<p><a href=\"\/category\/opolnomocenjezensk\">Vi\u0161e&#8230;<\/a><\/p>\n","protected":false},"excerpt":{"rendered":"<p>Osna\u017eivanje \u017eena na tr\u017ei\u0161tu rada: medijska kampanja za bolje informisanje, obrazovanje i aktivniju ulogu \u017eena 2014-2016 Period trajanja: od 1.10. 2014 do 30.9. 2016 Izvo\u0111a\u010d \u2026<\/p>\n","protected":false},"author":2,"featured_media":1583,"parent":10604,"menu_order":3,"comment_status":"closed","ping_status":"closed","template":"","meta":{"_editorskit_title_hidden":false,"_editorskit_reading_time":2,"_editorskit_is_block_options_detached":false,"_editorskit_block_options_position":"{}","footnotes":""},"class_list":["post-10207","page","type-page","status-publish","has-post-thumbnail","hentry"],"translation":{"provider":"WPGlobus","version":"3.0.2","language":"sr","enabled_languages":["sl","sr","en"],"languages":{"sl":{"title":true,"content":true,"excerpt":false},"sr":{"title":true,"content":true,"excerpt":false},"en":{"title":true,"content":true,"excerpt":false}}},"_links":{"self":[{"href":"https:\/\/dkis.si\/sr\/wp-json\/wp\/v2\/pages\/10207","targetHints":{"allow":["GET"]}}],"collection":[{"href":"https:\/\/dkis.si\/sr\/wp-json\/wp\/v2\/pages"}],"about":[{"href":"https:\/\/dkis.si\/sr\/wp-json\/wp\/v2\/types\/page"}],"author":[{"embeddable":true,"href":"https:\/\/dkis.si\/sr\/wp-json\/wp\/v2\/users\/2"}],"replies":[{"embeddable":true,"href":"https:\/\/dkis.si\/sr\/wp-json\/wp\/v2\/comments?post=10207"}],"version-history":[{"count":5,"href":"https:\/\/dkis.si\/sr\/wp-json\/wp\/v2\/pages\/10207\/revisions"}],"predecessor-version":[{"id":10971,"href":"https:\/\/dkis.si\/sr\/wp-json\/wp\/v2\/pages\/10207\/revisions\/10971"}],"up":[{"embeddable":true,"href":"https:\/\/dkis.si\/sr\/wp-json\/wp\/v2\/pages\/10604"}],"wp:featuredmedia":[{"embeddable":true,"href":"https:\/\/dkis.si\/sr\/wp-json\/wp\/v2\/media\/1583"}],"wp:attachment":[{"href":"https:\/\/dkis.si\/sr\/wp-json\/wp\/v2\/media?parent=10207"}],"curies":[{"name":"wp","href":"https:\/\/api.w.org\/{rel}","templated":true}]}}