{"id":10206,"date":"2015-04-16T09:51:04","date_gmt":"2015-04-16T09:51:04","guid":{"rendered":"http:\/\/dkis.si\/?page_id=252"},"modified":"2024-06-07T10:24:53","modified_gmt":"2024-06-07T08:24:53","slug":"guest","status":"publish","type":"page","link":"https:\/\/dkis.si\/sr\/all-projects\/guest\/","title":{"rendered":"GOST"},"content":{"rendered":"\n<h3 class=\"wp-block-heading\">Gostoljublje kulture &#8211; kultura gostoljublja &#8211; GOST<\/h3>\n\n\n\n<p>Termin \u00bbgostoljublje\u00ab u projektu \u00bbGostoljublje kulture \u2013 kultura gostoljublja\u00ab predstavlja spoj razli\u010ditih postupaka, upotrebnih ve\u0161tina i istra\u017eivanja, koji pove\u0107avaju vidljivost i prepoznatljivost manjinskih kultura u \u0161iroj javnosti. Gostoljublje u kulturi razumemo kao susret, dodir, me\u0161anje i komuniciranje razli\u010ditih kultura, podsticanje dostupnositi i otvorenosti manjinskih kultura, te primamljivosti za kulturne uticaje. To je kanal kulturne komunikacije sa neprekidnim protokom informacija, posebno osetljiv za nove potrebe i mogu\u0107nosti.<\/p>\n\n\n\n<p>Cilj projekta <strong>Gostoljublje u kulturi \u2013 kultura gostoljublja<\/strong> je usvajanje upotrebnih znanja i ve\u0161tina, koje \u0107e ranjivim grupama pomo\u0107i za pove\u0107anje zapo\u0161ljavanja, kao i medijsku i dru\u0161tvenu vidljivost njihove kulture, povezivanje sa drugim kulturnim institucijama i festivalima kako u Sloveniji, tako i u \u0161irem regionu.<\/p>\n\n\n\n<p>Podru\u010dja na kojima su se specijalizovali predstavnici ranjivih grupa tokom trajanja projekta:<\/p>\n\n\n\n<ul class=\"wp-block-list\">\n<li><strong>re\u017eija i monta\u017ea dokumentarnog filma, kratkih video zapisa\/trejlera<\/strong><\/li>\n\n\n\n<li><strong>kreiranje vizualnog identiteta (dizajn logotipa, dizajn plakata, produktni dizajn)<\/strong><\/li>\n\n\n\n<li><strong>pisanje promocijskih tekstova i slogana na podru\u010dju kulture<\/strong><\/li>\n\n\n\n<li><strong>menad\u017ement kulturnih projekata<\/strong><\/li>\n\n\n\n<li><strong>koordinacija kulturnih projekata (povezivanje sa drugim institucijama, festivalima, medijima)<\/strong><\/li>\n\n\n\n<li><strong>ure\u0111ivanje web sajta i dru\u0161tvenih mre\u017ea na podru\u010dju kulture<\/strong><\/li>\n\n\n\n<li><strong>tehnike aplikacije novih informaciono-komunikacijskih oru\u0111a za dokumentaciju i promociju kulture<\/strong><\/li>\n\n\n\n<li><strong>tehnike samopromocije<\/strong><\/li>\n<\/ul>\n","protected":false},"excerpt":{"rendered":"<p>Gostoljublje kulture &#8211; kultura gostoljublja &#8211; GOST Termin \u00bbgostoljublje\u00ab u projektu \u00bbGostoljublje kulture \u2013 kultura gostoljublja\u00ab predstavlja spoj razli\u010ditih postupaka, upotrebnih ve\u0161tina i istra\u017eivanja, koji \u2026<\/p>\n","protected":false},"author":2,"featured_media":0,"parent":10604,"menu_order":2,"comment_status":"closed","ping_status":"closed","template":"","meta":{"_editorskit_title_hidden":false,"_editorskit_reading_time":0,"_editorskit_is_block_options_detached":false,"_editorskit_block_options_position":"{}","footnotes":""},"class_list":["post-10206","page","type-page","status-publish","hentry"],"translation":{"provider":"WPGlobus","version":"3.0.0","language":"sr","enabled_languages":["sl","sr","en"],"languages":{"sl":{"title":true,"content":true,"excerpt":false},"sr":{"title":true,"content":true,"excerpt":false},"en":{"title":true,"content":true,"excerpt":false}}},"_links":{"self":[{"href":"https:\/\/dkis.si\/sr\/wp-json\/wp\/v2\/pages\/10206","targetHints":{"allow":["GET"]}}],"collection":[{"href":"https:\/\/dkis.si\/sr\/wp-json\/wp\/v2\/pages"}],"about":[{"href":"https:\/\/dkis.si\/sr\/wp-json\/wp\/v2\/types\/page"}],"author":[{"embeddable":true,"href":"https:\/\/dkis.si\/sr\/wp-json\/wp\/v2\/users\/2"}],"replies":[{"embeddable":true,"href":"https:\/\/dkis.si\/sr\/wp-json\/wp\/v2\/comments?post=10206"}],"version-history":[{"count":4,"href":"https:\/\/dkis.si\/sr\/wp-json\/wp\/v2\/pages\/10206\/revisions"}],"predecessor-version":[{"id":12020,"href":"https:\/\/dkis.si\/sr\/wp-json\/wp\/v2\/pages\/10206\/revisions\/12020"}],"up":[{"embeddable":true,"href":"https:\/\/dkis.si\/sr\/wp-json\/wp\/v2\/pages\/10604"}],"wp:attachment":[{"href":"https:\/\/dkis.si\/sr\/wp-json\/wp\/v2\/media?parent=10206"}],"curies":[{"name":"wp","href":"https:\/\/api.w.org\/{rel}","templated":true}]}}